{"id":17,"date":"2018-03-05T20:03:15","date_gmt":"2018-03-05T18:03:15","guid":{"rendered":"http:\/\/kiviniemenkartano.fi\/aitta\/?page_id=17"},"modified":"2023-08-18T13:18:57","modified_gmt":"2023-08-18T10:18:57","slug":"etusivu","status":"publish","type":"page","link":"http:\/\/kiviniemenkartano.fi\/aitta\/","title":{"rendered":"Etusivu"},"content":{"rendered":"<p>Hypp\u00e4\u00e4 <a href=\"http:\/\/kiviniemenkartano.fi\/aitta\/2018\/03\/05\/vanha-aitta-uusiksi\/\">t\u00e4st\u00e4<\/a> suoraan ensimm\u00e4iseen postaukseen.<\/p>\n<p>Aitta-blogissa voit seurata yli vuoden ajan, kuinka pihapiirimme vanha luhtiaitta kunnostetaan.<\/p>\n<p>Aitta vajosi etukulmastaan maahan ja huoneet olivat niin matalat, ett\u00e4 niiss\u00e4 ei mahtunut kunnolla seisomaan. Perusteellisessa projektissa alakertaan tulee kaksi verstashuonetta. Yl\u00e4kertaan tehd\u00e4\u00e4n vierashuone ja pieni kylpyhuone.<\/p>\n<p>Jotta aittaan olisi helppo kulkea, vanhat ovet muuttuvat ikkunoiksi ja aitan p\u00e4\u00e4tyyn rakennetaan porraskuisti, josta avataan ovet molempiin kerroksiin.<\/p>\n<p>Projektia voi seurata tarkemmin <strong>Maalla<\/strong>-lehden artikkelisarjassa. Blogi tarjoaa lis\u00e4\u00e4 kuvia.<\/p>\n<p>Tervetuloa mukaan<br \/>\nHannu Rinne, perinnemestari<\/p>\n","protected":false},"excerpt":{"rendered":"<p>Hypp\u00e4\u00e4 t\u00e4st\u00e4 suoraan ensimm\u00e4iseen postaukseen. Aitta-blogissa voit seurata yli vuoden ajan, kuinka pihapiirimme vanha luhtiaitta kunnostetaan. Aitta vajosi etukulmastaan maahan ja huoneet olivat niin matalat, ett\u00e4 niiss\u00e4 ei mahtunut kunnolla seisomaan. Perusteellisessa projektissa alakertaan tulee kaksi verstashuonetta. Yl\u00e4kertaan tehd\u00e4\u00e4n vierashuone ja pieni kylpyhuone. Jotta aittaan olisi helppo kulkea, vanhat ovet muuttuvat ikkunoiksi ja aitan p\u00e4\u00e4tyyn &hellip; <\/p>\n<p class=\"link-more\"><a href=\"http:\/\/kiviniemenkartano.fi\/aitta\/\" class=\"more-link\">Jatka lukemista<span class=\"screen-reader-text\"> &#8221;Etusivu&#8221;<\/span><\/a><\/p>\n","protected":false},"author":1,"featured_media":0,"parent":0,"menu_order":0,"comment_status":"closed","ping_status":"closed","template":"","meta":{"_exactmetrics_skip_tracking":false,"_exactmetrics_sitenote_active":false,"_exactmetrics_sitenote_note":"","_exactmetrics_sitenote_category":0,"footnotes":""},"class_list":["post-17","page","type-page","status-publish","hentry"],"_links":{"self":[{"href":"http:\/\/kiviniemenkartano.fi\/aitta\/wp-json\/wp\/v2\/pages\/17","targetHints":{"allow":["GET"]}}],"collection":[{"href":"http:\/\/kiviniemenkartano.fi\/aitta\/wp-json\/wp\/v2\/pages"}],"about":[{"href":"http:\/\/kiviniemenkartano.fi\/aitta\/wp-json\/wp\/v2\/types\/page"}],"author":[{"embeddable":true,"href":"http:\/\/kiviniemenkartano.fi\/aitta\/wp-json\/wp\/v2\/users\/1"}],"replies":[{"embeddable":true,"href":"http:\/\/kiviniemenkartano.fi\/aitta\/wp-json\/wp\/v2\/comments?post=17"}],"version-history":[{"count":5,"href":"http:\/\/kiviniemenkartano.fi\/aitta\/wp-json\/wp\/v2\/pages\/17\/revisions"}],"predecessor-version":[{"id":332,"href":"http:\/\/kiviniemenkartano.fi\/aitta\/wp-json\/wp\/v2\/pages\/17\/revisions\/332"}],"wp:attachment":[{"href":"http:\/\/kiviniemenkartano.fi\/aitta\/wp-json\/wp\/v2\/media?parent=17"}],"curies":[{"name":"wp","href":"https:\/\/api.w.org\/{rel}","templated":true}]}}