{"id":19,"date":"2018-03-05T20:03:15","date_gmt":"2018-03-05T18:03:15","guid":{"rendered":"http:\/\/kiviniemenkartano.fi\/aitta\/?page_id=19"},"modified":"2018-03-05T21:04:26","modified_gmt":"2018-03-05T19:04:26","slug":"ota-yhteytta","status":"publish","type":"page","link":"https:\/\/kiviniemenkartano.fi\/aitta\/ota-yhteytta\/","title":{"rendered":"Yhteystiedot"},"content":{"rendered":"<p>Aitta on Hannu ja Jaana Rinteen pihassa Pyht\u00e4\u00e4ll\u00e4.<\/p>\n<p>Aina kun meill\u00e4 remontoidaan jotain, siit\u00e4 tulee hyv\u00e4 esimerkki johonkin Perinnemestari-projektiin.<\/p>\n<p>Kommentoi blogia tai l\u00e4het\u00e4 viesti: <a href=\"mailto:hannu@kiviniemenkartano.fi\">hannu@kiviniemenkartano.fi.<\/a><\/p>\n<p>Lis\u00e4tietoja Kiviniemen kartanosta ja pihapiiriss\u00e4 olevasta Vierastalo Terikoffista l\u00f6yd\u00e4t <a href=\"http:\/\/www.kiviniemenkartano.fi\">t\u00e4st\u00e4<\/a>.<\/p>\n","protected":false},"excerpt":{"rendered":"<p>Aitta on Hannu ja Jaana Rinteen pihassa Pyht\u00e4\u00e4ll\u00e4. Aina kun meill\u00e4 remontoidaan jotain, siit\u00e4 tulee hyv\u00e4 esimerkki johonkin Perinnemestari-projektiin. Kommentoi blogia tai l\u00e4het\u00e4 viesti: hannu@kiviniemenkartano.fi. Lis\u00e4tietoja Kiviniemen kartanosta ja pihapiiriss\u00e4 olevasta Vierastalo Terikoffista l\u00f6yd\u00e4t t\u00e4st\u00e4.<\/p>\n","protected":false},"author":1,"featured_media":0,"parent":0,"menu_order":0,"comment_status":"closed","ping_status":"closed","template":"","meta":{"_exactmetrics_skip_tracking":false,"_exactmetrics_sitenote_active":false,"_exactmetrics_sitenote_note":"","_exactmetrics_sitenote_category":0,"footnotes":""},"class_list":["post-19","page","type-page","status-publish","hentry"],"_links":{"self":[{"href":"https:\/\/kiviniemenkartano.fi\/aitta\/wp-json\/wp\/v2\/pages\/19","targetHints":{"allow":["GET"]}}],"collection":[{"href":"https:\/\/kiviniemenkartano.fi\/aitta\/wp-json\/wp\/v2\/pages"}],"about":[{"href":"https:\/\/kiviniemenkartano.fi\/aitta\/wp-json\/wp\/v2\/types\/page"}],"author":[{"embeddable":true,"href":"https:\/\/kiviniemenkartano.fi\/aitta\/wp-json\/wp\/v2\/users\/1"}],"replies":[{"embeddable":true,"href":"https:\/\/kiviniemenkartano.fi\/aitta\/wp-json\/wp\/v2\/comments?post=19"}],"version-history":[{"count":5,"href":"https:\/\/kiviniemenkartano.fi\/aitta\/wp-json\/wp\/v2\/pages\/19\/revisions"}],"predecessor-version":[{"id":57,"href":"https:\/\/kiviniemenkartano.fi\/aitta\/wp-json\/wp\/v2\/pages\/19\/revisions\/57"}],"wp:attachment":[{"href":"https:\/\/kiviniemenkartano.fi\/aitta\/wp-json\/wp\/v2\/media?parent=19"}],"curies":[{"name":"wp","href":"https:\/\/api.w.org\/{rel}","templated":true}]}}